{"id":347,"date":"2025-10-29T12:46:40","date_gmt":"2025-10-29T11:46:40","guid":{"rendered":"https:\/\/zeeh.at\/150\/?page_id=347"},"modified":"2026-01-29T13:18:31","modified_gmt":"2026-01-29T12:18:31","slug":"impressum","status":"publish","type":"page","link":"https:\/\/www.zumgoettlichenwort.at\/150\/impressum\/","title":{"rendered":"Impressum"},"content":{"rendered":"<p>[et_pb_section fb_built=&#8220;1&#8243; _builder_version=&#8220;4.27.4&#8243; _module_preset=&#8220;default&#8220; global_colors_info=&#8220;{}&#8220;][et_pb_row _builder_version=&#8220;4.27.4&#8243; _module_preset=&#8220;default&#8220; global_colors_info=&#8220;{}&#8220;][et_pb_column type=&#8220;4_4&#8243; _builder_version=&#8220;4.27.4&#8243; _module_preset=&#8220;default&#8220; global_colors_info=&#8220;{}&#8220;][et_pb_menu menu_id=&#8220;8&#8243; _builder_version=&#8220;4.27.4&#8243; _module_preset=&#8220;default&#8220; menu_font=&#8220;&#8211;et_global_body_font|||on|||||&#8220; menu_font_size=&#8220;19px&#8220; global_colors_info=&#8220;{}&#8220;][\/et_pb_menu][\/et_pb_column][\/et_pb_row][et_pb_row column_structure=&#8220;1_2,1_2&#8243; _builder_version=&#8220;4.27.4&#8243; _module_preset=&#8220;default&#8220; global_colors_info=&#8220;{}&#8220;][et_pb_column type=&#8220;1_2&#8243; _builder_version=&#8220;4.27.4&#8243; _module_preset=&#8220;default&#8220; hover_enabled=&#8220;0&#8243; global_colors_info=&#8220;{}&#8220; sticky_enabled=&#8220;0&#8243;][et_pb_text _builder_version=&#8220;4.27.5&#8243; _module_preset=&#8220;default&#8220; text_font=&#8220;&#8211;et_global_heading_font||||||||&#8220; hover_enabled=&#8220;0&#8243; global_colors_info=&#8220;{}&#8220; header_font=&#8220;Comfortaa||||||||&#8220; text_font_size=&#8220;17px&#8220; text_line_height=&#8220;1.8em&#8220; sticky_enabled=&#8220;0&#8243;]<\/p>\n<div class=\"et_pb_module et_pb_post_title et_pb_post_title_0 et_pb_bg_layout_light  et_pb_text_align_left\">\n<div class=\"et_pb_title_container\">\n<h1 class=\"entry-title\">Impressum<\/h1>\n<\/div>\n<\/div>\n<div class=\"et_pb_module et_pb_text et_pb_text_0  et_pb_text_align_left et_pb_bg_layout_light\">\n<div class=\"et_pb_text_inner\">\n<p><strong>Offenlegung nach \u00a7 25 Mediengesetz:<\/strong><\/p>\n<div class=\"\" data-block=\"true\" data-editor=\"4c5ov\" data-offset-key=\"ejl55-0-0\">\n<div class=\"public-DraftStyleDefault-block public-DraftStyleDefault-ltr\" data-offset-key=\"ejl55-0-0\"><span data-offset-key=\"ejl55-0-0\"><br \/><strong>Herausgeber, Alleininhaber und Redaktion:<\/strong><\/span><\/div>\n<\/div>\n<div class=\"\" data-block=\"true\" data-editor=\"4c5ov\" data-offset-key=\"bfiur-0-0\">\n<div class=\"public-DraftStyleDefault-block public-DraftStyleDefault-ltr\" data-offset-key=\"bfiur-0-0\"><span data-offset-key=\"bfiur-0-0\">Pfarre \u201eZum G\u00f6ttlichen Wort\u201c<\/span><span data-offset-key=\"bfiur-0-1\">\u00a0\u00a0<\/span><\/div>\n<div class=\"public-DraftStyleDefault-block public-DraftStyleDefault-ltr\" data-offset-key=\"bfiur-0-0\">\n<p><span data-offset-key=\"bfiur-0-1\">Keplerplatz 6,\u00a01100 Wien<\/span><\/p>\n<p>Kontonummer der Pfarre:<br \/>AT10 1200 0006 1332 4300<\/p>\n<p>Kontonummer der Pfarrcaritas:<br \/>AT54 1200 0100 1354 1031<\/p>\n<p>&nbsp;<\/p>\n<\/div>\n<div class=\"public-DraftStyleDefault-block public-DraftStyleDefault-ltr\" data-offset-key=\"bfiur-0-0\">\n<p>Stadtdekanat 10<br \/>Pfarrnummer: 9093<\/p>\n<p><strong>Telefon:<\/strong><br \/>+43 (1) 604 24 53<\/p>\n<p>F\u00fcr die Pfarre ist verantworlich:<br \/><strong>Pfarrer:<\/strong> P. Matthias Felber SVD<\/p>\n<p><strong><br \/>St. Johann der Evangelist<\/strong><br \/>Keplerplatz 6<br \/>1100 Wien<br \/><span>+43 (1) 604 24 53<\/span><\/p>\n<p><span><strong><br \/>Allerheiligste Dreifaltigkeit<br \/><\/strong>Alxingergasse 2<br \/>1100 Wien<br \/>+43 (1) 604 21 87<\/span><\/p>\n<p><span><strong><br \/>Hl. Famile<\/strong><br \/>Puchsbaumplatz 9<br \/>1100 Wien<br \/>+43 (1) 604 62 40<br \/><\/span><\/p>\n<p>&nbsp;<\/p>\n<p class=\"et-fb-mce-line-break-holder\"><a href=\"https:\/\/www.zumgoettlichenwort.at\/datenschutzerklaerung\/\">Datenschutzerkl\u00e4rung<\/a><\/p>\n<\/div>\n<div class=\"public-DraftStyleDefault-block public-DraftStyleDefault-ltr\" data-offset-key=\"bfiur-0-0\"><\/div>\n<\/div>\n<div class=\"\" data-block=\"true\" data-editor=\"4c5ov\" data-offset-key=\"dsru6-0-0\">\n<div class=\"public-DraftStyleDefault-block public-DraftStyleDefault-ltr\" data-offset-key=\"dsru6-0-0\"><span data-offset-key=\"dsru6-0-0\">Grunds\u00e4tzliche Ausrichtung:<\/span><span data-offset-key=\"dsru6-0-1\"> Informations- und Kommunikationsorgan der<br \/>Pfarre\u00a0<strong>\u201eZum G\u00f6ttlichen Wort\u201c <\/strong><\/span><\/div>\n<div class=\"public-DraftStyleDefault-block public-DraftStyleDefault-ltr\" data-offset-key=\"dsru6-0-0\"><span data-offset-key=\"dsru6-0-2\"><br \/>Hinweis zu allen externen\u00a0<\/span>Links:<span data-offset-key=\"dsru6-0-3\"><br \/>Hiermit distanzieren wir uns ausdr\u00fccklich von den Inhalten aller extern gelinkten Seiten auf unserer Website und machen uns diese Inhalte nicht zu eigen.<br \/>Diese Erkl\u00e4rung gilt f\u00fcr alle auf dieser Website, <\/span><a href=\"https:\/\/www.zumgoettlichenwort.at\/\" target=\"_blank\" rel=\"noopener noreferrer\"><span data-offset-key=\"dsru6-0-4\">150.zumgoetttlichenwort.at<\/span><\/a><span data-offset-key=\"dsru6-0-5\">, angebrachten Links.\u00a0<\/span><\/div>\n<\/div>\n<div class=\"public-DraftStyleDefault-block public-DraftStyleDefault-ltr\" data-offset-key=\"dsru6-0-0\">\n<p>Design: <a href=\"http:\/\/www.fresco.at\/\" target=\"_blank\" rel=\"noopener noreferrer\">fresco vienna<\/a>, Ernst Zeeh<\/p>\n<\/div>\n<\/div>\n<\/div>\n<p>[\/et_pb_text][\/et_pb_column][et_pb_column type=&#8220;1_2&#8243; _builder_version=&#8220;4.27.4&#8243; _module_preset=&#8220;default&#8220; global_colors_info=&#8220;{}&#8220;][et_pb_blurb _builder_version=&#8220;4.27.5&#8243; _module_preset=&#8220;default&#8220; header_font=&#8220;Comfortaa||||||||&#8220; body_font=&#8220;&#8211;et_global_body_font||||||||&#8220; hover_enabled=&#8220;0&#8243; global_colors_info=&#8220;{}&#8220; body_font_size=&#8220;17px&#8220; body_line_height=&#8220;1.8em&#8220; sticky_enabled=&#8220;0&#8243; header_font_size=&#8220;18px&#8220; header_line_height=&#8220;1.4em&#8220; header_level=&#8220;h1&#8243;]<\/p>\n<h1>Welche personenbezogenen Daten wir sammeln und warum wir sie sammeln<\/h1>\n<p>&nbsp;<\/p>\n<h2>Kommentare<\/h2>\n<p>Wenn Besucher Kommentare auf der Website schreiben, sammeln wir die Daten, die im Kommentar-Formular angezeigt werden, au\u00dferdem die IP-Adresse des Besuchers und den User-Agent-String (damit wird der Browser identifiziert), um die Erkennung von Spam zu unterst\u00fctzen.<\/p>\n<p>Aus deiner E-Mail-Adresse kann eine anonymisierte Zeichenfolge erstellt (auch Hash genannt) und dem Gravatar-Dienst \u00fcbergeben werden, um zu pr\u00fcfen, ob du diesen benutzt. Die Datenschutzerkl\u00e4rung des Gravatar-Dienstes findest du hier: https:\/\/automattic.com\/privacy\/. Nachdem dein Kommentar freigegeben wurde, ist dein Profilbild \u00f6ffentlich im Kontext deines Kommentars sichtbar.<\/p>\n<h3>Medien<\/h3>\n<p>Wenn du ein registrierter Benutzer bist und Fotos auf diese Website l\u00e4dst, solltest du vermeiden, Fotos mit einem EXIF-GPS-Standort hochzuladen. Besucher dieser Website k\u00f6nnten Fotos, die auf dieser Website gespeichert sind, herunterladen und deren Standort-Informationen extrahieren.<\/p>\n<h3>Kontaktformulare<\/h3>\n<h3>Cookies<\/h3>\n<p>Wenn du einen Kommentar auf unserer Website schreibst, kann das eine Einwilligung sein, deinen Namen, E-Mail-Adresse und Website in Cookies zu speichern. Dies ist eine Komfortfunktion, damit du nicht, wenn du einen weiteren Kommentar schreibst, all diese Daten erneut eingeben musst. Diese Cookies werden ein Jahr lang gespeichert.<\/p>\n<p>Falls du ein Konto hast und dich auf dieser Website anmeldest, werden wir ein tempor\u00e4res Cookie setzen, um festzustellen, ob dein Browser Cookies akzeptiert. Dieses Cookie enth\u00e4lt keine personenbezogenen Daten und wird verworfen, wenn du deinen Browser schlie\u00dft.<\/p>\n<p>Wenn du dich anmeldest, werden wir einige Cookies einrichten, um deine Anmeldeinformationen und Anzeigeoptionen zu speichern. Anmelde-Cookies verfallen nach zwei Tagen und Cookies f\u00fcr die Anzeigeoptionen nach einem Jahr. Falls du bei der Anmeldung \u201eAngemeldet bleiben\u201c ausw\u00e4hlst, wird deine Anmeldung zwei Wochen lang aufrechterhalten. Mit der Abmeldung aus deinem Konto werden die Anmelde-Cookies gel\u00f6scht.<\/p>\n<p>Wenn du einen Artikel bearbeitest oder ver\u00f6ffentlichst, wird ein zus\u00e4tzlicher Cookie in deinem Browser gespeichert. Dieser Cookie enth\u00e4lt keine personenbezogenen Daten und verweist nur auf die Beitrags-ID des Artikels, den du gerade bearbeitet hast. Der Cookie verf\u00e4llt nach einem Tag.<\/p>\n<h3>Eingebettete Inhalte von anderen Websites<\/h3>\n<p>Beitr\u00e4ge auf dieser Website k\u00f6nnen eingebettete Inhalte beinhalten (z.\u00a0B. Videos, Bilder, Beitr\u00e4ge etc.). Eingebettete Inhalte von anderen Websites verhalten sich exakt so, als ob der Besucher die andere Website besucht h\u00e4tte.<\/p>\n<p>Diese Websites k\u00f6nnen Daten \u00fcber dich sammeln, Cookies benutzen, zus\u00e4tzliche Tracking-Dienste von Dritten einbetten und deine Interaktion mit diesem eingebetteten Inhalt aufzeichnen, inklusive deiner Interaktion mit dem eingebetteten Inhalt, falls du ein Konto hast und auf dieser Website angemeldet bist.<\/p>\n<h3>Analysedienste<\/h3>\n<p>Wir verwenden Google Analytics.<\/p>\n<h2>Wie lange wir deine Daten speichern<\/h2>\n<p>Wenn du einen Kommentar schreibst, wird dieser inklusive Metadaten zeitlich unbegrenzt gespeichert. Auf diese Art k\u00f6nnen wir Folgekommentare automatisch erkennen und freigeben, anstelle sie in einer Moderations-Warteschlange festzuhalten.<\/p>\n<p>F\u00fcr Benutzer, die sich auf unserer Website registrieren, speichern wir zus\u00e4tzlich die pers\u00f6nlichen Informationen, die sie in ihren Benutzerprofilen angeben. Alle Benutzer k\u00f6nnen jederzeit ihre pers\u00f6nlichen Informationen einsehen, ver\u00e4ndern oder l\u00f6schen (der Benutzername kann nicht ver\u00e4ndert werden). Administratoren der Website k\u00f6nnen diese Informationen ebenfalls einsehen und ver\u00e4ndern.<\/p>\n<h2>Welche Rechte du an deinen Daten hast<\/h2>\n<p>Wenn du ein Konto auf dieser Website besitzt oder Kommentare geschrieben hast, kannst du einen Export deiner personenbezogenen Daten bei uns anfordern, inklusive aller Daten, die du uns mitgeteilt hast. Dar\u00fcber hinaus kannst du die L\u00f6schung aller personenbezogenen Daten, die wir von dir gespeichert haben, anfordern. Dies umfasst nicht die Daten, die wir aufgrund administrativer, rechtlicher oder sicherheitsrelevanter Notwendigkeiten aufbewahren m\u00fcssen.<\/p>\n<p>[\/et_pb_blurb][\/et_pb_column][\/et_pb_row][et_pb_row _builder_version=&#8220;4.27.4&#8243; _module_preset=&#8220;default&#8220; global_colors_info=&#8220;{}&#8220;][et_pb_column type=&#8220;4_4&#8243; _builder_version=&#8220;4.27.4&#8243; _module_preset=&#8220;default&#8220; global_colors_info=&#8220;{}&#8220;][et_pb_menu menu_id=&#8220;8&#8243; _builder_version=&#8220;4.27.4&#8243; _module_preset=&#8220;default&#8220; menu_font=&#8220;|||on|||||&#8220; menu_font_size=&#8220;19px&#8220; global_colors_info=&#8220;{}&#8220;][\/et_pb_menu][\/et_pb_column][\/et_pb_row][\/et_pb_section]<\/p>\n","protected":false},"excerpt":{"rendered":"<p>Impressum Offenlegung nach \u00a7 25 Mediengesetz: Herausgeber, Alleininhaber und Redaktion: Pfarre \u201eZum G\u00f6ttlichen Wort\u201c\u00a0\u00a0 Keplerplatz 6,\u00a01100 Wien Kontonummer der Pfarre:AT10 1200 0006 1332 4300 Kontonummer der Pfarrcaritas:AT54 1200 0100 1354 1031 &nbsp; Stadtdekanat 10Pfarrnummer: 9093 Telefon:+43 (1) 604 24 53 F\u00fcr die Pfarre ist verantworlich:Pfarrer: P. Matthias Felber SVD St. Johann der EvangelistKeplerplatz 61100 Wien+43 [&hellip;]<\/p>\n","protected":false},"author":1,"featured_media":0,"parent":0,"menu_order":0,"comment_status":"closed","ping_status":"closed","template":"","meta":{"_et_pb_use_builder":"on","_et_pb_old_content":"<div class=\"et_pb_module et_pb_post_title et_pb_post_title_0 et_pb_bg_layout_light et_pb_text_align_left\"><div class=\"et_pb_title_container\"><h1 class=\"entry-title\"><strong style=\"color: #666666; font-size: 14px;\">Offenlegung nach \u00a7 25 Mediengesetz:<\/strong><\/h1><\/div><\/div><div class=\"et_pb_module et_pb_text et_pb_text_0 et_pb_text_align_left et_pb_bg_layout_light\"><div class=\"et_pb_text_inner\"><div class=\"\" data-block=\"true\" data-editor=\"4c5ov\" data-offset-key=\"ejl55-0-0\"><div class=\"public-DraftStyleDefault-block public-DraftStyleDefault-ltr\" data-offset-key=\"ejl55-0-0\"><span data-offset-key=\"ejl55-0-0\"><br \/><strong>Herausgeber, Alleininhaber und Redaktion:<\/strong><\/span><\/div><\/div><div class=\"\" data-block=\"true\" data-editor=\"4c5ov\" data-offset-key=\"bfiur-0-0\"><div class=\"public-DraftStyleDefault-block public-DraftStyleDefault-ltr\" data-offset-key=\"bfiur-0-0\"><span data-offset-key=\"bfiur-0-0\">Pfarre \u201eZum G\u00f6ttlichen Wort\u201c<\/span><span data-offset-key=\"bfiur-0-1\">\u00a0\u00a0<\/span><\/div><div class=\"public-DraftStyleDefault-block public-DraftStyleDefault-ltr\" data-offset-key=\"bfiur-0-0\"><p><span data-offset-key=\"bfiur-0-1\">Keplerplatz 6,\u00a01100 Wien<\/span><\/p><p>Kontonummer der Pfarre:<br \/>AT10 1200 0006 1332 4300<\/p><p>Kontonummer der Pfarrcaritas:<br \/>AT54 1200 0100 1354 1031<\/p><p>\u00a0<\/p><\/div><div class=\"public-DraftStyleDefault-block public-DraftStyleDefault-ltr\" data-offset-key=\"bfiur-0-0\"><p>Stadtdekanat 10<br \/>Pfarrnummer: 9093<\/p><p><strong>Telefon:<\/strong><br \/>+43 (1) 604 24 53<\/p><p>F\u00fcr die Pfarre ist verantworlich:<br \/><strong>Pfarrer:<\/strong>\u00a0P. Matthias Felber SVD<\/p><p><a href=\"https:\/\/www.zumgoettlichenwort.at\/datenschutzerklaerung\/\">Datenschutzerkl\u00e4rung<\/a><\/p><\/div><div class=\"public-DraftStyleDefault-block public-DraftStyleDefault-ltr\" data-offset-key=\"bfiur-0-0\">\u00a0<\/div><\/div><div class=\"\" data-block=\"true\" data-editor=\"4c5ov\" data-offset-key=\"dsru6-0-0\"><div class=\"public-DraftStyleDefault-block public-DraftStyleDefault-ltr\" data-offset-key=\"dsru6-0-0\"><span data-offset-key=\"dsru6-0-0\">Grunds\u00e4tzliche Ausrichtung:<\/span><span data-offset-key=\"dsru6-0-1\"> Informations- und Kommunikationsorgan der<br \/>Pfarre\u00a0<strong>\u201eZum G\u00f6ttlichen Wort\u201c <\/strong><\/span><\/div><div class=\"public-DraftStyleDefault-block public-DraftStyleDefault-ltr\" data-offset-key=\"dsru6-0-0\"><span data-offset-key=\"dsru6-0-2\"><br \/>Hinweis zu allen externen\u00a0<\/span>Links:<span data-offset-key=\"dsru6-0-3\"><br \/>Hiermit distanzieren wir uns ausdr\u00fccklich von den Inhalten aller extern gelinkten Seiten auf unserer Website und machen uns diese Inhalte nicht zu eigen.<br \/>Diese Erkl\u00e4rung gilt f\u00fcr alle auf dieser Website, <\/span><a href=\"https:\/\/www.zumgoettlichenwort.at\/\" target=\"_blank\" rel=\"noopener noreferrer\"><span data-offset-key=\"dsru6-0-4\">www.zumgoetttlichenwort.at<\/span><\/a><span data-offset-key=\"dsru6-0-5\">, angebrachten Links.\u00a0<\/span><\/div><div class=\"public-DraftStyleDefault-block public-DraftStyleDefault-ltr\" data-offset-key=\"dsru6-0-0\">\u00a0<\/div><\/div><div class=\"public-DraftStyleDefault-block public-DraftStyleDefault-ltr\" data-offset-key=\"dsru6-0-0\"><p>Design: <a href=\"http:\/\/www.fresco.at\/\" target=\"_blank\" rel=\"noopener noreferrer\">fresco vienna<\/a>, Ernst Zeeh<\/p><\/div><\/div><\/div>","_et_gb_content_width":"","footnotes":""},"class_list":["post-347","page","type-page","status-publish","hentry"],"_links":{"self":[{"href":"https:\/\/www.zumgoettlichenwort.at\/150\/wp-json\/wp\/v2\/pages\/347","targetHints":{"allow":["GET"]}}],"collection":[{"href":"https:\/\/www.zumgoettlichenwort.at\/150\/wp-json\/wp\/v2\/pages"}],"about":[{"href":"https:\/\/www.zumgoettlichenwort.at\/150\/wp-json\/wp\/v2\/types\/page"}],"author":[{"embeddable":true,"href":"https:\/\/www.zumgoettlichenwort.at\/150\/wp-json\/wp\/v2\/users\/1"}],"replies":[{"embeddable":true,"href":"https:\/\/www.zumgoettlichenwort.at\/150\/wp-json\/wp\/v2\/comments?post=347"}],"version-history":[{"count":13,"href":"https:\/\/www.zumgoettlichenwort.at\/150\/wp-json\/wp\/v2\/pages\/347\/revisions"}],"predecessor-version":[{"id":572,"href":"https:\/\/www.zumgoettlichenwort.at\/150\/wp-json\/wp\/v2\/pages\/347\/revisions\/572"}],"wp:attachment":[{"href":"https:\/\/www.zumgoettlichenwort.at\/150\/wp-json\/wp\/v2\/media?parent=347"}],"curies":[{"name":"wp","href":"https:\/\/api.w.org\/{rel}","templated":true}]}}